{"id":100,"date":"2024-10-18T10:54:11","date_gmt":"2024-10-18T10:54:11","guid":{"rendered":"https:\/\/seniorsos.si\/?page_id=100"},"modified":"2026-04-30T13:33:44","modified_gmt":"2026-04-30T13:33:44","slug":"elementor-100","status":"publish","type":"page","link":"https:\/\/seniorsos.si\/","title":{"rendered":"SeniorSos"},"content":{"rendered":"<p><img decoding=\"async\" title=\"SeniorSOS-1(1) \u2013 kopija\" src=\"http:\/\/seniorsos.si\/wp-content\/uploads\/elementor\/thumbs\/SeniorSOS-11-\u2013-kopija-1-e1731573820791-qx1dqwmhc94fb4ry0qgi16r8inwpwjvhyhkhnsq03w.png\" alt=\"SeniorSOS-1(1) \u2013 kopija\" \/><\/p>\n<p><strong>SOS GUMB<\/strong><\/p>\n<p>S pritiskom na gumb se spro\u017ei avtomatsko klicanje treh prednastavljenih \u0161tevilk za klic v sili (npr.sin, sosed, prijatelj&#8230;). Naprava bo izmeni\u010dno klicala \u0161tevilke dokler se nekdo ne oglasi. Hkrati naprava po\u0161lje obvestilo o aktivaciji SOS klica na telefon&#8221;skrbnika&#8221;.<\/p>\n<p><strong>ALARM ZA PADEC<\/strong><\/p>\n<p>Naprava bo v primeru, ko vgrajen senzor zazna padec, samodejno poklicala nastavljeno \u0161tevilko za pomo\u010din poslala obvestilo na telefon &#8220;skrbnika&#8221;.<\/p>\n<p><strong>GEO OGRAJA<\/strong><\/p>\n<p>Mo\u017enost postavitve navideznih ograj &#8211; posebej primerno za dementne osebe in otroke. &#8220;Skrbnik&#8221; lahko na zemljevidu nastavi obmo\u010dje gibanja. V primeru, da oseba to obmo\u010dje zapusti, bo skrbnik na telefonu prejel obvestilo, da je oseba obmo\u010dje zapustila. Na zemljevidu je prikazana tudi trenutna lokacija osebe.<\/p>\n<p><img fetchpriority=\"high\" decoding=\"async\" src=\"http:\/\/seniorsos.si\/wp-content\/uploads\/2024\/10\/MIKROFON-e1729257582152-768x364.jpg\" sizes=\"(max-width: 768px) 100vw, 768px\" srcset=\"https:\/\/seniorsos.si\/wp-content\/uploads\/2024\/10\/MIKROFON-e1729257582152-768x364.jpg 768w, https:\/\/seniorsos.si\/wp-content\/uploads\/2024\/10\/MIKROFON-e1729257582152-300x142.jpg 300w, https:\/\/seniorsos.si\/wp-content\/uploads\/2024\/10\/MIKROFON-e1729257582152-1024x486.jpg 1024w, https:\/\/seniorsos.si\/wp-content\/uploads\/2024\/10\/MIKROFON-e1729257582152.jpg 1413w\" alt=\"\" width=\"768\" height=\"364\" \/><\/p>\n<p><strong>GPS LOKACIJA<\/strong><\/p>\n<p>V primeru, da oseba potrebuje pomo\u010d, jo lahko enostavno s pomo\u010djo GPS signala najdemo. V stiski je te\u017eko opisati lokacijo oz. mesto kje se nahajamo. S pomo\u010djo zemljevida na telefonu &#8220;skrbnik&#8221; lahko vidi kje se oseba nahaja in ji pomaga.<\/p>\n<p><strong>VARNOST<\/strong><\/p>\n<p>Vse nastavitve se nastavljajo v aplikaciji &#8220;skrbnikovega&#8221; telefona. Naprava je namenjena kar se da enostavni uporabi brez mo\u017enosti, da bi po pomoti ali paniki karkoli spremenili.<\/p>\n<p><strong>DVOSMERNA KOMUNIKACIJA<\/strong><\/p>\n<p>V primeru, ko se spro\u017ei klic v sili, se lahko preko naprave pogovarjamo s pomo\u010djo vgrajenega zvo\u010dnika in mikrofona ne glede na to ali smo doma ali na sprehodu.<\/p>\n<p><img decoding=\"async\" src=\"http:\/\/seniorsos.si\/wp-content\/uploads\/2024\/10\/App-Slo-300x300.jpg\" sizes=\"(max-width: 300px) 100vw, 300px\" srcset=\"https:\/\/seniorsos.si\/wp-content\/uploads\/2024\/10\/App-Slo-300x300.jpg 300w, https:\/\/seniorsos.si\/wp-content\/uploads\/2024\/10\/App-Slo-1024x1024.jpg 1024w, https:\/\/seniorsos.si\/wp-content\/uploads\/2024\/10\/App-Slo-150x150.jpg 150w, https:\/\/seniorsos.si\/wp-content\/uploads\/2024\/10\/App-Slo-768x768.jpg 768w, https:\/\/seniorsos.si\/wp-content\/uploads\/2024\/10\/App-Slo-1536x1536.jpg 1536w, https:\/\/seniorsos.si\/wp-content\/uploads\/2024\/10\/App-Slo.jpg 1960w\" alt=\"\" width=\"300\" height=\"300\" \/><br \/>\n<img decoding=\"async\" src=\"http:\/\/seniorsos.si\/wp-content\/uploads\/2024\/10\/v51_main_4-e1729242021971-219x300.jpeg\" alt=\"\" width=\"219\" height=\"300\" \/><br \/>\n<img decoding=\"async\" title=\"v51_main_1\" src=\"http:\/\/seniorsos.si\/wp-content\/uploads\/elementor\/thumbs\/v51_main_1-e1729502334856-qvvncb0f8d9kxe0pdpdj8jk9d9vfbzyvwne9p1b7aw.jpg\" alt=\"v51_main_1\" \/><\/p>\n<p><strong>&#x2b50;&#xfe0f;&#x2b50;&#xfe0f;&#x2b50;&#xfe0f;&#x2b50;&#xfe0f;&#x2b50;&#xfe0f;<\/strong><\/p>\n<p><strong>&#8211; Senior SOS mi je re\u0161il \u017eivljenje &#8211;<br \/>\n<\/strong><\/p>\n<p>\u201cKot starej\u0161a oseba sem pogosto skrbela, kaj bi se zgodilo, \u010de bi kje padla ali potrebovala pomo\u010d, ko bi bila sama. Odkar uporabljam Senior SOS, so te skrbi izginile. Enostaven obesek mi omogo\u010da, da s pritiskom na gumb pokli\u010dem pomo\u010d, ko jo potrebujem. Ko sem pred nekaj meseci padla, je senzor samodejno zaznal padec in takoj poklical mojo h\u010derko. V\u0161e\u010d mi je, da ima GPS, tako da me dru\u017eina vedno lahko najde, \u010de kdaj zaidem. Naprava je preprosta, varna in mi daje veliko miru.\u201d<\/p>\n<p>(Irena, Ljubljana)<\/p>\n<h2>Z vezavo<\/h2>\n<h2>Brez vezave<\/h2>\n<p><strong><em>SENIOR<\/em><\/strong><\/p>\n<p><em>Redna cena: 18.00\u20ac\/mesec*<\/em><\/p>\n<p><strong>Akcija do 31.8.2026<\/strong><\/p>\n<p><strong> 15.90\u20ac\/mesec*<\/strong><\/p>\n<p><strong>Naprava SeniorSOS<br \/>\n<\/strong><\/p>\n<p><em>Redna cena: 120.00\u20ac<\/em><\/p>\n<p><strong>Akcija do 31.8.2026<\/strong><\/p>\n<p><strong>\u00a087.84\u20ac<\/strong><\/p>\n<p><strong>\u00a0<\/strong><\/p>\n<h2>KONTAKTIRAJTE NAS<\/h2>\n<p><a href=\"#\"><br \/>\nKlicni Center &#8211; SeniorSOS<br \/>\n<\/a><\/p>\n<p>od ponedeljka do petka med 9.00 in 19.00<\/p>\n<h2>&#8211; 065 562 065 &#8211;<\/h2>\n<h2>&#8211; info@seniorsos.si &#8211;<\/h2>\n<p><img loading=\"lazy\" decoding=\"async\" src=\"http:\/\/seniorsos.si\/wp-content\/uploads\/2024\/10\/logo2-removebg-preview-1-150x150.png\" alt=\"\" width=\"150\" height=\"150\" \/><\/p>\n<p role=\"heading\" data-uw-rm-heading=\"level\" aria-level=\"4\"><strong>SeniorSOS&#x2122;<\/strong><\/p>\n<p>Tovarniska cesta 51<br \/>\n3242 Ruse &#8211; Slovenia &#8211;<br \/>\nM:<strong>info@seniorsos.si<\/strong><br \/>\nT: <strong><em>065 562 065<\/em><\/strong><\/p>\n<p>Klici v sili 112<br role=\"presentation\" data-uw-rm-sr=\"\" \/>Emergency calls 112Interventna \u0161tevilka policije za klice v sili: 113Evropska telefonska \u0161tevilka za prijavo pogre\u0161anih otrok: 116 000<\/p>\n<p><em> All rights reserved.<\/em><br \/>\nSeniorSOS&#x2122; &#8211; <em>Copyright (C) 2024 <\/em><\/p>\n","protected":false},"excerpt":{"rendered":"<p>SOS GUMB S pritiskom na gumb se spro\u017ei avtomatsko klicanje treh prednastavljenih \u0161tevilk za klic v sili (npr.sin, sosed, prijatelj&#8230;). Naprava bo izmeni\u010dno klicala \u0161tevilke dokler se nekdo ne oglasi. Hkrati naprava po\u0161lje obvestilo o aktivaciji SOS klica na telefon&#8221;skrbnika&#8221;. ALARM ZA PADEC Naprava bo v primeru, ko vgrajen senzor zazna padec, samodejno poklicala nastavljeno [&hellip;]<\/p>\n","protected":false},"author":1,"featured_media":0,"parent":0,"menu_order":0,"comment_status":"closed","ping_status":"closed","template":"elementor_theme","meta":{"om_disable_all_campaigns":false,"_monsterinsights_skip_tracking":false,"_monsterinsights_sitenote_active":false,"_monsterinsights_sitenote_note":"","_monsterinsights_sitenote_category":0,"_uf_show_specific_survey":0,"_uf_disable_surveys":false,"footnotes":""},"class_list":["post-100","page","type-page","status-publish","hentry"],"aioseo_notices":[],"_links":{"self":[{"href":"https:\/\/seniorsos.si\/index.php?rest_route=\/wp\/v2\/pages\/100","targetHints":{"allow":["GET"]}}],"collection":[{"href":"https:\/\/seniorsos.si\/index.php?rest_route=\/wp\/v2\/pages"}],"about":[{"href":"https:\/\/seniorsos.si\/index.php?rest_route=\/wp\/v2\/types\/page"}],"author":[{"embeddable":true,"href":"https:\/\/seniorsos.si\/index.php?rest_route=\/wp\/v2\/users\/1"}],"replies":[{"embeddable":true,"href":"https:\/\/seniorsos.si\/index.php?rest_route=%2Fwp%2Fv2%2Fcomments&post=100"}],"version-history":[{"count":145,"href":"https:\/\/seniorsos.si\/index.php?rest_route=\/wp\/v2\/pages\/100\/revisions"}],"predecessor-version":[{"id":292,"href":"https:\/\/seniorsos.si\/index.php?rest_route=\/wp\/v2\/pages\/100\/revisions\/292"}],"wp:attachment":[{"href":"https:\/\/seniorsos.si\/index.php?rest_route=%2Fwp%2Fv2%2Fmedia&parent=100"}],"curies":[{"name":"wp","href":"https:\/\/api.w.org\/{rel}","templated":true}]}}